{"id":7807,"date":"2021-10-10T18:23:16","date_gmt":"2021-10-10T16:23:16","guid":{"rendered":"https:\/\/heyplus.io\/sl\/?page_id=7807"},"modified":"2021-10-10T19:31:30","modified_gmt":"2021-10-10T17:31:30","slug":"support","status":"publish","type":"page","link":"https:\/\/heyplus.io\/sl\/support\/","title":{"rendered":"Support"},"content":{"rendered":"\t\t<div data-elementor-type=\"wp-page\" data-elementor-id=\"7807\" class=\"elementor elementor-7807\" data-elementor-post-type=\"page\">\n\t\t\t\t\t\t\t\t\t<section class=\"elementor-section elementor-top-section elementor-element elementor-element-44a8cbbc elementor-section-full_width elementor-section-height-default elementor-section-height-default\" data-id=\"44a8cbbc\" data-element_type=\"section\">\n\t\t\t\t\t\t<div class=\"elementor-container elementor-column-gap-no\">\n\t\t\t\t\t<div class=\"elementor-column elementor-col-100 elementor-top-column elementor-element elementor-element-4dae4ba8\" data-id=\"4dae4ba8\" data-element_type=\"column\">\n\t\t\t<div class=\"elementor-widget-wrap elementor-element-populated\">\n\t\t\t\t\t\t\t\t<div class=\"elementor-element elementor-element-4e8cbcfb elementor-widget elementor-widget-saasland_faq\" data-id=\"4e8cbcfb\" data-element_type=\"widget\" data-widget_type=\"saasland_faq.default\">\n\t\t\t\t<div class=\"elementor-widget-container\">\n\t\t\t\r\n        <section class=\"faq_area bg_color sec_pad\">\r\n            <div class=\"container\">\r\n                <div class=\"row\">\r\n                    <div class=\"col-lg-4 pr_50\">\r\n                        <div class=\"faq_tab\">\r\n                                                            <h4 class=\"f_p t_color3 f_600 f_size_22 mb_40\">Storitve<\/h4>\r\n                                                        <ul class=\"nav nav-tabs\" id=\"myTab\" role=\"tablist\">\r\n                                                                    <li class=\"nav-item\">\r\n                                        <a class=\"nav-link active\" id=\"heyplus-edu-tab\" data-toggle=\"tab\" role=\"tab\" aria-controls=\"heyplus-edu\" href=\"#heyplus-edu\">\r\n                                            Hey+ Edu                                        <\/a>\r\n                                    <\/li>\r\n                                                                        <li class=\"nav-item\">\r\n                                        <a class=\"nav-link \" id=\"heyplus-go-tab\" data-toggle=\"tab\" role=\"tab\" aria-controls=\"heyplus-go\" href=\"#heyplus-go\">\r\n                                            Hey+ Go                                        <\/a>\r\n                                    <\/li>\r\n                                                                <\/ul>\r\n                        <\/div>\r\n                    <\/div>\r\n\r\n                    <div class=\"col-lg-8\">\r\n                        <div class=\"tab-content faq_content\" id=\"myTabContent\">\r\n                                                    <div class=\"tab-pane fade show active\" id=\"heyplus-edu\" aria-labelledby=\"heyplus-edu-tab\" role=\"tabpanel\">\r\n                                    <h3 class=\"f_p f_size_22 f_500 t_color3 mb_20\">\r\n                                        Hey+ Edu                                    <\/h3>\r\n                                <div id=\"accordion-1\">\r\n                                                                            <div class=\"card\">\r\n                                            <div class=\"card-header\" id=\"heyplus-edu0\">\r\n                                                <h5 class=\"mb-0\">\r\n                                                    <button class=\"btn btn-link\" data-toggle=\"collapse\" data-target=\"#heyplus-edu-collapse-0\" aria-expanded=\"true\" aria-controls=\"heyplus-edu-collapse-0\">\r\n                                                        Splo\u0161na vpra\u0161anja in tehni\u010dne te\u017eave                                                        <i class=\"ti-plus\"><\/i>\r\n                                                        <i class=\"ti-minus\"><\/i>\r\n                                                    <\/button>\r\n                                                <\/h5>\r\n                                            <\/div>\r\n                                            <div id=\"heyplus-edu-collapse-0\" class=\"collapse show\" aria-labelledby=\"heyplus-edu0\" data-parent=\"#accordion-1\">\r\n                                                <div class=\"card-body\">\r\n                                                    <p>Za splo\u0161na vpra\u0161anja ali tehni\u010dno pomo\u010d se obrnite na <a style=\"color: #000;\" href=\"mailto:podpora@heyplus.io\">podpora@heyplus.io<\/a>.<\/p>\n                                                <\/div>\r\n                                            <\/div>\r\n                                        <\/div>\r\n                                                                        <\/div>\r\n                            <\/div>\r\n                                                        <div class=\"tab-pane fade \" id=\"heyplus-go\" aria-labelledby=\"heyplus-go-tab\" role=\"tabpanel\">\r\n                                    <h3 class=\"f_p f_size_22 f_500 t_color3 mb_20\">\r\n                                        Hey+ Go                                    <\/h3>\r\n                                <div id=\"accordion-2\">\r\n                                                                            <div class=\"card\">\r\n                                            <div class=\"card-header\" id=\"heyplus-go0\">\r\n                                                <h5 class=\"mb-0\">\r\n                                                    <button class=\"btn btn-link\" data-toggle=\"collapse\" data-target=\"#heyplus-go-collapse-0\" aria-expanded=\"true\" aria-controls=\"heyplus-go-collapse-0\">\r\n                                                        Prijava v aplikacijo Hey+ Go                                                        <i class=\"ti-plus\"><\/i>\r\n                                                        <i class=\"ti-minus\"><\/i>\r\n                                                    <\/button>\r\n                                                <\/h5>\r\n                                            <\/div>\r\n                                            <div id=\"heyplus-go-collapse-0\" class=\"collapse show\" aria-labelledby=\"heyplus-go0\" data-parent=\"#accordion-2\">\r\n                                                <div class=\"card-body\">\r\n                                                    <p>Za uporabo in prijavo v storitev Hey+, potrebujete name\u0161\u010deno mobilno aplikacijo Hey+ Go (<a style=\"color: #000;\" href=\"https:\/\/heyplus.io\/go\">namestitev<\/a>) ter predhodno registrirano mobilno telefonsko \u0161tevilko, ki jo za star\u0161e ali skrbnike opravi mati\u010dna \u0161ola. V primeru, da mobilna telefonska \u0161tevilka \u0161e ni registrirana, se ob poskusu prijave v aplikacijo izpi\u0161e sporo\u010dilo <em>&#8220;Neznana \u0161tevilka&#8221;<\/em>.<\/p>\n<ul>\n<li>Za registracijo in validacijo svoje mobilne telefonske \u0161tevilke, se obrnite na odgovorno osebo na mati\u010dni \u0161oli.<\/li>\n<li>Za morebitne te\u017eave pri namestitvi ali prijavi v aplikacijo, se obrnite na <a style=\"color: #000;\" href=\"mailto:podpora@heyplus.io\">podpora@heyplus.io<\/a>.<\/li>\n<\/ul>\n                                                <\/div>\r\n                                            <\/div>\r\n                                        <\/div>\r\n                                                                                <div class=\"card\">\r\n                                            <div class=\"card-header\" id=\"heyplus-go1\">\r\n                                                <h5 class=\"mb-0\">\r\n                                                    <button class=\"btn btn-link collapsed\" data-toggle=\"collapse\" data-target=\"#heyplus-go-collapse-1\" aria-expanded=\"false\" aria-controls=\"heyplus-go-collapse-1\">\r\n                                                        Splo\u0161na vpra\u0161anja in tehni\u010dne te\u017eave                                                        <i class=\"ti-plus\"><\/i>\r\n                                                        <i class=\"ti-minus\"><\/i>\r\n                                                    <\/button>\r\n                                                <\/h5>\r\n                                            <\/div>\r\n                                            <div id=\"heyplus-go-collapse-1\" class=\"collapse\" aria-labelledby=\"heyplus-go1\" data-parent=\"#accordion-2\">\r\n                                                <div class=\"card-body\">\r\n                                                    <p>Za splo\u0161na vpra\u0161anja ali tehni\u010dno pomo\u010d se obrnite na <a style=\"color: #000;\" href=\"mailto:podpora@heyplus.io\">podpora@heyplus.io<\/a>.<\/p>\n                                                <\/div>\r\n                                            <\/div>\r\n                                        <\/div>\r\n                                                                        <\/div>\r\n                            <\/div>\r\n                                                    <\/div>\r\n                    <\/div>\r\n                <\/div>\r\n            <\/div>\r\n        <\/section>\r\n        \t\t<\/div>\n\t\t\t\t<\/div>\n\t\t\t\t\t<\/div>\n\t\t<\/div>\n\t\t\t\t\t\t\t<\/div>\n\t\t<\/section>\n\t\t\t\t\t\t\t<\/div>\n\t\t","protected":false},"excerpt":{"rendered":"<p>Storitve Hey+ Go Hey+ Go Prijava v aplikacijo Hey+ Go Za prijavo in uporabo storitve Hey+, potrebujete name\u0161\u010deno mobilno aplikacijo Hey+ Go (namestitev) ter predhodno registrirano mobilno telefonsko \u0161tevilko, ki jo za star\u0161e ali skrbnike opravi mati\u010dna \u0161ola. V primeru, da va\u0161a mobilna telefonska \u0161tevilka ni registrirana, se ob poskusu prijave v Hey+ Go izpi\u0161e [&hellip;]<\/p>\n","protected":false},"author":1,"featured_media":0,"parent":0,"menu_order":0,"comment_status":"closed","ping_status":"closed","template":"","meta":{"footnotes":""},"class_list":["post-7807","page","type-page","status-publish","hentry","no-post-thumbnail"],"_links":{"self":[{"href":"https:\/\/heyplus.io\/sl\/wp-json\/wp\/v2\/pages\/7807","targetHints":{"allow":["GET"]}}],"collection":[{"href":"https:\/\/heyplus.io\/sl\/wp-json\/wp\/v2\/pages"}],"about":[{"href":"https:\/\/heyplus.io\/sl\/wp-json\/wp\/v2\/types\/page"}],"author":[{"embeddable":true,"href":"https:\/\/heyplus.io\/sl\/wp-json\/wp\/v2\/users\/1"}],"replies":[{"embeddable":true,"href":"https:\/\/heyplus.io\/sl\/wp-json\/wp\/v2\/comments?post=7807"}],"version-history":[{"count":13,"href":"https:\/\/heyplus.io\/sl\/wp-json\/wp\/v2\/pages\/7807\/revisions"}],"predecessor-version":[{"id":7824,"href":"https:\/\/heyplus.io\/sl\/wp-json\/wp\/v2\/pages\/7807\/revisions\/7824"}],"wp:attachment":[{"href":"https:\/\/heyplus.io\/sl\/wp-json\/wp\/v2\/media?parent=7807"}],"curies":[{"name":"wp","href":"https:\/\/api.w.org\/{rel}","templated":true}]}}